{"id":487,"date":"2019-10-22T13:29:14","date_gmt":"2019-10-22T13:29:14","guid":{"rendered":"https:\/\/queijariadapraca.pt\/?page_id=487"},"modified":"2025-01-22T17:07:54","modified_gmt":"2025-01-22T17:07:54","slug":"reservas","status":"publish","type":"page","link":"http:\/\/queijariadapraca.pt\/en\/reservas\/","title":{"rendered":"Reservations"},"content":{"rendered":"\n<p>Todas as reservas carecem de valida\u00e7\u00e3o pr\u00e9via e ser\u00e3o confirmadas por e-mail. <\/p>\n\n\n\n<p>De forma a garantir a sua reserva, pedimos que preencha o formul\u00e1rio abaixo. N\u00e3o podemos assegurar disponibilidade do espa\u00e7o, caso n\u00e3o seja efetuada reserva previamente, com anteced\u00eancia m\u00ednima de 30 minutos.<\/p>\n\n\n<div class=\"everest-forms\"><div class=\"evf-container layout-two\" id=\"evf-521\"><form id=\"evf-form-521\" class=\"everest-form\" data-formid=\"521\" data-ajax_submission=\"0\" data-keyboard_friendly_form=\"0\" data-form_state_type=\"\" method=\"post\" enctype=\"multipart\/form-data\" action=\"\/en\/wp-json\/wp\/v2\/pages\/487\"><div class=\"evf-field-container\"><input type=\"hidden\" id=\"_wpnonce521\" name=\"_wpnonce521\" value=\"5758674a53\" \/><input type=\"hidden\" name=\"_wp_http_referer\" value=\"\/en\/wp-json\/wp\/v2\/pages\/487\" \/><div class=\"evf-frontend-row\" data-row=\"row_1\" conditional_rules=\"[]\"><div class=\"evf-frontend-grid evf-grid-1\" data-grid=\"grid_1\"><div id=\"evf-521-field_fullname-container\" class=\"evf-field evf-field-text form-row validate-required\" data-required-field-message=\"Este campo \u00e9 de preenchimento obrigat\u00f3rio.\" data-field-id=\"fullname\"><label class=\"evf-field-label\" for=\"evf-521-field_fullname\"><span class=\"evf-label\">Nome<\/span> <abbr class=\"required\" title=\"Required\">*<\/abbr><\/label><input type=\"text\" id=\"evf-521-field_fullname\" class=\"input-text\" name=\"everest_forms[form_fields][fullname]\" required><\/div><div id=\"evf-521-field_email-container\" class=\"evf-field evf-field-email form-row validate-required validate-email\" data-required-field-message=\"Por favor, indique um email v\u00e1lido.\" data-field-id=\"email\"><label class=\"evf-field-label\" for=\"evf-521-field_email\"><span class=\"evf-label\">Email<\/span> <abbr class=\"required\" title=\"Required\">*<\/abbr><\/label><input type=\"email\" id=\"evf-521-field_email\" class=\"input-text\" name=\"everest_forms[form_fields][email]\" required ><\/div><div id=\"evf-521-field_Hzhm1X6zbz-12-container\" class=\"evf-field evf-field-number form-row validate-required\" data-required-field-message=\"Por favor, indique um n\u00famero v\u00e1lido.\" data-field-id=\"Hzhm1X6zbz-12\"><label class=\"evf-field-label\" for=\"evf-521-field_Hzhm1X6zbz-12\"><span class=\"evf-label\">Contacto<\/span> <abbr class=\"required\" title=\"Required\">*<\/abbr><\/label><input type=\"number\" id=\"evf-521-field_Hzhm1X6zbz-12\" class=\"input-text\" name=\"everest_forms[form_fields][Hzhm1X6zbz-12]\" min=\"0\" max=\"1.0E+19\" required\/><\/div><div id=\"evf-521-field_rYeiWdkuJX-2-container\" class=\"evf-field evf-field-date-time form-row validate-required\" data-required-field-message=\"Este campo \u00e9 de preenchimento obrigat\u00f3rio.\" data-field-id=\"rYeiWdkuJX-2\"><label class=\"evf-field-label\" for=\"evf-521-field_rYeiWdkuJX-2\"><span class=\"evf-label\">Data pretendida<\/span> <abbr class=\"required\" title=\"Required\">*<\/abbr><\/label><input type=\"text\" id=\"evf-521-field_rYeiWdkuJX-2\" class=\"flatpickr-field input-text\" name=\"everest_forms[form_fields][rYeiWdkuJX-2]\" data-time-interval=\"15\" data-date-time=\"date\" data-mode=\"single\" data-locale=\"en\" data-date-format=\"d\/m\/Y\" data-past-disable-date=\"02\/05\/2026\" required ><\/div><div id=\"evf-521-field_aiDqPN3GmC-7-container\" class=\"evf-field evf-field-date-time form-row validate-required\" data-required-field-message=\"Este campo \u00e9 de preenchimento obrigat\u00f3rio.\" data-field-id=\"aiDqPN3GmC-7\"><label class=\"evf-field-label\" for=\"evf-521-field_aiDqPN3GmC-7\"><span class=\"evf-label\">Hora pretendida<\/span> <abbr class=\"required\" title=\"Required\">*<\/abbr><\/label><div class=\"date-time-container\"><input type=\"text\" id=\"evf-521-field_aiDqPN3GmC-7\" class=\"date-dropdown-field input-text\" name=\"everest_forms[form_fields][aiDqPN3GmC-7]\" data-time-interval=\"30\" data-date-time=\"time\" data-min-hour=\"15\" data-min-minute=\"0\" data-max-hour=\"17\" data-max-minute=\"30\" data-date-format=\"H:i\" required ><select value = \"15\" id=\"hour-select-evf-521-field_aiDqPN3GmC-7\"><option value=\"15\" >15<\/option><option value=\"16\" >16<\/option><option value=\"17\" >17<\/option><\/select><select id=\"minute-select-evf-521-field_aiDqPN3GmC-7\"><\/select><\/div><\/div><div id=\"evf-521-field_GobpezLNFY-1-container\" class=\"evf-field evf-field-number form-row validate-required\" data-required-field-message=\"Por favor, indique um n\u00famero v\u00e1lido.\" data-field-id=\"GobpezLNFY-1\"><label class=\"evf-field-label\" for=\"evf-521-field_GobpezLNFY-1\"><span class=\"evf-label\">N\u00ba de pessoas<\/span> <abbr class=\"required\" title=\"Required\">*<\/abbr><\/label><input type=\"number\" id=\"evf-521-field_GobpezLNFY-1\" class=\"input-text\" name=\"everest_forms[form_fields][GobpezLNFY-1]\" step=\"1\" min=\"1\" max=\"4\" required\/><\/div><div id=\"evf-521-field_message-container\" class=\"evf-field evf-field-textarea form-row validate-required\" data-required-field-message=\"Este campo \u00e9 de preenchimento obrigat\u00f3rio.\" data-field-id=\"message\"><label class=\"evf-field-label\" for=\"evf-521-field_message\"><span class=\"evf-label\">Pedidos especiais<\/span> <abbr class=\"required\" title=\"Required\">*<\/abbr><\/label><textarea id=\"evf-521-field_message\" class=\"input-text\" name=\"everest_forms[form_fields][message]\" required ><\/textarea><\/div><div id=\"evf-521-field_HYJ3xWiZgh-3-container\" class=\"evf-field evf-field-checkbox form-row validate-required\" data-required-field-message=\"Este campo \u00e9 de preenchimento obrigat\u00f3rio.\" data-field-id=\"HYJ3xWiZgh-3\"><label class=\"evf-field-label\" for=\"evf-521-field_HYJ3xWiZgh-3\"><span class=\"evf-label\">Li e concordo com a pol\u00edtica de privacidade desta p\u00e1gina.<\/span> <abbr class=\"required\" title=\"Required\">*<\/abbr><\/label><ul id=\"evf-521-field_HYJ3xWiZgh-3\" class=\" evf-field-required\"><li class=\"choice-1 depth-1\"><input type=\"checkbox\" id=\"evf-521-field_HYJ3xWiZgh-3_1\" class=\"input-text\" name=\"everest_forms[form_fields][HYJ3xWiZgh-3][]\" value=\"Dou o meu consentimento ao tratamento dos meus dados pessoais.\" required ><label class=\"everest-forms-field-label-inline\" for=\"evf-521-field_HYJ3xWiZgh-3_1\">Dou o meu consentimento ao tratamento dos meus dados pessoais.<\/label><\/li><\/ul><\/div><\/div><\/div><\/div><div class=\"evf-honeypot-container evf-field-hp\"><label for=\"evf-521-field-hp\" class=\"evf-field-label\">Website<\/label><input type=\"text\" name=\"everest_forms[hp]\" id=\"evf-521-field-hp\" class=\"input-text\"><\/div><div class=\"evf-submit-container \" ><input type=\"hidden\" name=\"everest_forms[id]\" value=\"521\"><input type=\"hidden\" name=\"everest_forms[author]\" value=\"4\"><button type='submit' name='everest_forms[submit]' class='everest-forms-submit-button button evf-submit ' id='evf-submit-521' value='evf-submit' data-process-text=\"A processar o seu pedido\u2026\" conditional_rules='&quot;&quot;' conditional_id='evf-submit-521'  id=\"evf-submit-521\" aria-live=\"assertive\">Enviar<\/button><\/div><\/form><\/div><!-- .evf-container --><\/div>\n\n\n<p><\/p>\n","protected":false},"excerpt":{"rendered":"<p>Todas as reservas carecem de valida\u00e7\u00e3o pr\u00e9via e ser\u00e3o confirmadas por e-mail. De forma a garantir a sua reserva, pedimos [&hellip;]<\/p>\n","protected":false},"author":4,"featured_media":0,"parent":0,"menu_order":0,"comment_status":"closed","ping_status":"closed","template":"page-templates\/pagebuilder.php","meta":{"_monsterinsights_skip_tracking":false,"_monsterinsights_sitenote_active":false,"_monsterinsights_sitenote_note":"","_monsterinsights_sitenote_category":0,"_uf_show_specific_survey":0,"_uf_disable_surveys":false,"_joinchat":[],"footnotes":""},"class_list":["post-487","page","type-page","status-publish","hentry"],"jetpack_sharing_enabled":true,"_links":{"self":[{"href":"http:\/\/queijariadapraca.pt\/en\/wp-json\/wp\/v2\/pages\/487","targetHints":{"allow":["GET"]}}],"collection":[{"href":"http:\/\/queijariadapraca.pt\/en\/wp-json\/wp\/v2\/pages"}],"about":[{"href":"http:\/\/queijariadapraca.pt\/en\/wp-json\/wp\/v2\/types\/page"}],"author":[{"embeddable":true,"href":"http:\/\/queijariadapraca.pt\/en\/wp-json\/wp\/v2\/users\/4"}],"replies":[{"embeddable":true,"href":"http:\/\/queijariadapraca.pt\/en\/wp-json\/wp\/v2\/comments?post=487"}],"version-history":[{"count":1,"href":"http:\/\/queijariadapraca.pt\/en\/wp-json\/wp\/v2\/pages\/487\/revisions"}],"predecessor-version":[{"id":3117,"href":"http:\/\/queijariadapraca.pt\/en\/wp-json\/wp\/v2\/pages\/487\/revisions\/3117"}],"wp:attachment":[{"href":"http:\/\/queijariadapraca.pt\/en\/wp-json\/wp\/v2\/media?parent=487"}],"curies":[{"name":"wp","href":"https:\/\/api.w.org\/{rel}","templated":true}]}}