{"id":117,"date":"2016-10-05T11:47:27","date_gmt":"2016-10-05T11:47:27","guid":{"rendered":"http:\/\/localhost\/Themegrill\/wordpress_flash\/?page_id=117"},"modified":"2023-10-11T13:10:12","modified_gmt":"2023-10-11T13:10:12","slug":"contactos","status":"publish","type":"page","link":"https:\/\/queijariadapraca.pt\/en\/contactos\/","title":{"rendered":"Contact Us"},"content":{"rendered":"<div id=\"pl-117\"  class=\"panel-layout\" ><div id=\"pg-117-0\"  class=\"panel-grid panel-has-style\" ><div class=\"panel-row-style panel-row-style-for-117-0\" ><div id=\"pgc-117-0-0\"  class=\"panel-grid-cell\" ><div id=\"panel-117-0-0-0\" class=\"so-panel widget widget_text panel-first-child\" data-index=\"0\" ><div class=\"panel-widget-style panel-widget-style-for-117-0-0-0\" ><h3 class=\"widget-title\">Em que podemos ajudar?<\/h3>\t\t\t<div class=\"textwidget\"><\/div>\n\t\t<\/div><\/div><div id=\"panel-117-0-0-1\" class=\"so-panel widget widget_text\" data-index=\"1\" >\t\t\t<div class=\"textwidget\"><p>Pode contactar-nos preenchendo os campos assinalados no formul\u00e1rio abaixo, ou se desejar, atr\u00e1ves dos contactos disponibilizados nesta p\u00e1gina. Pode ainda dirigir-se \u00e0 nossa loja, onde teremos todo o prazer em receb\u00ea-lo.<\/p>\n<\/div>\n\t\t<\/div><div id=\"panel-117-0-0-2\" class=\"so-panel widget widget_text panel-last-child\" data-index=\"2\" >\t\t\t<div class=\"textwidget\"><div class=\"everest-forms\">\n<div class=\"evf-container layout-two\" id=\"evf-294\">\n<form id=\"evf-form-294\" class=\"everest-form\" data-formid=\"294\" data-ajax_submission=\"0\" data-keyboard_friendly_form=\"0\" data-form_state_type=\"\" method=\"post\" enctype=\"multipart\/form-data\" action=\"\/en\/wp-json\/wp\/v2\/pages\/117\">\n<div class=\"evf-field-container\"><input type=\"hidden\" id=\"_wpnonce294\" name=\"_wpnonce294\" value=\"0b060ca738\" \/><input type=\"hidden\" name=\"_wp_http_referer\" value=\"\/en\/wp-json\/wp\/v2\/pages\/117\" \/><\/p>\n<div class=\"evf-frontend-row\" data-row=\"row_1\" conditional_rules=\"[]\">\n<div class=\"evf-frontend-grid evf-grid-1\" data-grid=\"grid_1\">\n<div id=\"evf-294-field_name-container\" class=\"evf-field evf-field-text form-row validate-required\" data-required-field-message=\"Este campo \u00e9 de preenchimento obrigat\u00f3rio.\" data-field-id=\"name\"><label class=\"evf-field-label\" for=\"evf-294-field_name\"><span class=\"evf-label\">Nome<\/span> <abbr class=\"required\" title=\"Required\">*<\/abbr><\/label><input type=\"text\" id=\"evf-294-field_name\" class=\"input-text\" name=\"everest_forms[form_fields][name]\" required><\/div>\n<div id=\"evf-294-field_email-container\" class=\"evf-field evf-field-email form-row validate-required validate-email\" data-required-field-message=\"Por favor, indique um email v\u00e1lido.\" data-field-id=\"email\"><label class=\"evf-field-label\" for=\"evf-294-field_email\"><span class=\"evf-label\">Email<\/span> <abbr class=\"required\" title=\"Required\">*<\/abbr><\/label><input type=\"email\" id=\"evf-294-field_email\" class=\"input-text\" name=\"everest_forms[form_fields][email]\" required ><\/div>\n<div id=\"evf-294-field_ngyOtxkyQg-4-container\" class=\"evf-field evf-field-number form-row validate-required\" data-required-field-message=\"Por favor, indique um n\u00famero v\u00e1lido.\" data-field-id=\"ngyOtxkyQg-4\"><label class=\"evf-field-label\" for=\"evf-294-field_ngyOtxkyQg-4\"><span class=\"evf-label\">Contacto<\/span> <abbr class=\"required\" title=\"Required\">*<\/abbr><\/label><input type=\"number\" id=\"evf-294-field_ngyOtxkyQg-4\" class=\"input-text\" name=\"everest_forms[form_fields][ngyOtxkyQg-4]\" required\/><\/div>\n<div id=\"evf-294-field_subject-container\" class=\"evf-field evf-field-text form-row validate-required\" data-required-field-message=\"Este campo \u00e9 de preenchimento obrigat\u00f3rio.\" data-field-id=\"subject\"><label class=\"evf-field-label\" for=\"evf-294-field_subject\"><span class=\"evf-label\">Assunto<\/span> <abbr class=\"required\" title=\"Required\">*<\/abbr><\/label><input type=\"text\" id=\"evf-294-field_subject\" class=\"input-text\" name=\"everest_forms[form_fields][subject]\" required><\/div>\n<div id=\"evf-294-field_message-container\" class=\"evf-field evf-field-textarea form-row validate-required\" data-required-field-message=\"Este campo \u00e9 de preenchimento obrigat\u00f3rio.\" data-field-id=\"message\"><label class=\"evf-field-label\" for=\"evf-294-field_message\"><span class=\"evf-label\">Mensagem<\/span> <abbr class=\"required\" title=\"Required\">*<\/abbr><\/label><textarea id=\"evf-294-field_message\" class=\"input-text\" name=\"everest_forms[form_fields][message]\" required ><\/textarea><\/div>\n<div id=\"evf-294-field_r61DXjwgc5-3-container\" class=\"evf-field evf-field-checkbox form-row validate-required\" data-required-field-message=\"Este campo \u00e9 de preenchimento obrigat\u00f3rio.\" data-field-id=\"r61DXjwgc5-3\"><label class=\"evf-field-label\" for=\"evf-294-field_r61DXjwgc5-3\"><span class=\"evf-label\">Li e concordo com a pol\u00edtica de privacidade desta p\u00e1gina.<\/span> <abbr class=\"required\" title=\"Required\">*<\/abbr><\/label><\/p>\n<ul id=\"evf-294-field_r61DXjwgc5-3\" class=\" evf-field-required\">\n<li class=\"choice-1 depth-1\"><input type=\"checkbox\" id=\"evf-294-field_r61DXjwgc5-3_1\" class=\"input-text\" name=\"everest_forms[form_fields][r61DXjwgc5-3][]\" value=\"Dou consentimento ao tratamento dos meus dados pessoais\" required ><label class=\"everest-forms-field-label-inline\" for=\"evf-294-field_r61DXjwgc5-3_1\">Dou consentimento ao tratamento dos meus dados pessoais<\/label><\/li>\n<\/ul>\n<\/div>\n<\/div>\n<\/div>\n<\/div>\n<div class=\"evf-honeypot-container evf-field-hp\"><label for=\"evf-294-field-hp\" class=\"evf-field-label\">Phone<\/label><input type=\"text\" name=\"everest_forms[hp]\" id=\"evf-294-field-hp\" class=\"input-text\"><\/div>\n<div class=\"evf-submit-container \" ><input type=\"hidden\" name=\"everest_forms[id]\" value=\"294\"><input type=\"hidden\" name=\"everest_forms[author]\" value=\"4\"><button type='submit' name='everest_forms[submit]' class='everest-forms-submit-button button evf-submit ' id='evf-submit-294' value='evf-submit' data-process-text=\"A processar o seu pedido\u2026\" conditional_rules='&quot;&quot;' conditional_id='evf-submit-294'  id=\"evf-submit-294\" aria-live=\"assertive\">Enviar<\/button><\/div>\n<\/form>\n<\/div>\n<p><!-- .evf-container --><\/div>\n<\/div>\n\t\t<\/div><\/div><div id=\"pgc-117-0-1\"  class=\"panel-grid-cell\" ><div class=\"panel-cell-style panel-cell-style-for-117-0-1\" ><div id=\"panel-117-0-1-0\" class=\"so-panel widget widget_text panel-first-child\" data-index=\"3\" ><div class=\"panel-widget-style panel-widget-style-for-117-0-1-0\" ><h3 class=\"widget-title\">Onde Estamos<\/h3>\t\t\t<div class=\"textwidget\"><\/div>\n\t\t<\/div><\/div><div id=\"panel-117-0-1-1\" class=\"so-panel widget widget_text\" data-index=\"4\" >\t\t\t<div class=\"textwidget\"><p><strong>Contactos:<\/strong><br \/>\nTelefone: +351 225 400 405<br \/>\n(custo de chamada para a rede fixa nacional)<br \/>\nEmail: geral@queijariadapraca.pt<\/p>\n<\/div>\n\t\t<\/div><div id=\"panel-117-0-1-2\" class=\"so-panel widget widget_text\" data-index=\"5\" >\t\t\t<div class=\"textwidget\"><p><strong>Estamos abertos de:<\/strong><br \/>\n<strong>Seg a Qua<\/strong>\u00a0 14:30 &#8211; 19:30<br \/>\n<strong>Qui a S\u00e1b<\/strong>\u00a0 11:00 &#8211; 13:00 | 14:30 &#8211; 20:00<br \/>\n<strong>Domingo<\/strong>\u00a0Encerrado<\/p>\n<\/div>\n\t\t<\/div><div id=\"panel-117-0-1-3\" class=\"so-panel widget widget_text\" data-index=\"6\" >\t\t\t<div class=\"textwidget\"><p><strong>Visite-nos na:<\/strong><br \/>\nPra\u00e7a do Marqu\u00eas de Pombal, 102<br \/>\n4000-390 Porto<br \/>\nPortugal<\/p>\n<\/div>\n\t\t<\/div><div id=\"panel-117-0-1-4\" class=\"so-panel widget widget_wpgmza_map_widget wpgmza_widget\" data-index=\"7\"><div id=\"wpgmza_map\" class=\"wpgmza_map\" data-settings='{\"id\":\"1\",\"map_title\":\"Queijaria da Pra\\u00e7a\",\"map_width\":\"100\",\"map_height\":\"400\",\"map_start_lat\":\"41.161072\",\"map_start_lng\":\"-8.604057\",\"map_start_location\":\"41.16107184234224,-8.604057171330927\",\"map_start_zoom\":\"16\",\"default_marker\":\"0\",\"type\":\"1\",\"alignment\":\"1\",\"directions_enabled\":\"1\",\"styling_enabled\":\"0\",\"styling_json\":\"\",\"active\":\"0\",\"kml\":\"\",\"bicycle\":\"0\",\"traffic\":\"0\",\"dbox\":\"1\",\"dbox_width\":\"100\",\"listmarkers\":\"0\",\"listmarkers_advanced\":\"0\",\"filterbycat\":\"0\",\"ugm_enabled\":\"0\",\"ugm_category_enabled\":\"0\",\"fusion\":\"\",\"map_width_type\":\"\\\\%\",\"map_height_type\":\"px\",\"mass_marker_support\":\"1\",\"ugm_access\":\"0\",\"order_markers_by\":\"1\",\"order_markers_choice\":\"2\",\"show_user_location\":\"0\",\"default_to\":\"\",\"other_settings\":{\"store_locator_enabled\":2,\"store_locator_distance\":2,\"store_locator_default_radius\":1,\"store_locator_not_found_message\":\"No results found in this location. Please try again.\",\"store_locator_bounce\":1,\"store_locator_query_string\":\"CP \\\/ Endere\\u00e7o:\",\"store_locator_default_address\":\"\",\"wpgmza_store_locator_restrict\":\"pt\",\"wpgmza_store_locator_radius_style\":\"modern\",\"map_max_zoom\":\"1\",\"transport_layer\":0,\"wpgmza_show_points_of_interest\":0,\"wpgmza_auto_night\":0}}' data-map-id='1' Data-maps-engine='open-layers' data-shortcode-attributes='{\"id\":\"1\"}' style=\"display:block; overflow:auto; width:100%; height:400px; float:left;\"><\/div><\/div><div id=\"panel-117-0-1-5\" class=\"so-panel widget widget_text panel-last-child\" data-index=\"8\" >\t\t\t<div class=\"textwidget\"><p><strong>GPS:<\/strong><br \/>\n41\u00ba9&#8217;40.144&#8243;N\u00a0 |\u00a0 8\u00ba36&#8217;14.573&#8243;W<br \/>\n41.161151293\u00a0 \u00a0 \u00a0 | -8.604047703<\/p>\n<\/div>\n\t\t<\/div><\/div><\/div><\/div><\/div><\/div>","protected":false},"excerpt":{"rendered":"<p>Pode contactar-nos preenchendo os campos assinalados no formul\u00e1rio abaixo, ou se desejar, atr\u00e1ves dos contactos disponibilizados nesta p\u00e1gina. Pode ainda [&hellip;]<\/p>\n","protected":false},"author":4,"featured_media":0,"parent":0,"menu_order":0,"comment_status":"closed","ping_status":"closed","template":"page-templates\/pagebuilder.php","meta":{"_monsterinsights_skip_tracking":false,"_monsterinsights_sitenote_active":false,"_monsterinsights_sitenote_note":"","_monsterinsights_sitenote_category":0,"_uf_show_specific_survey":0,"_uf_disable_surveys":false,"_joinchat":[],"footnotes":""},"class_list":["post-117","page","type-page","status-publish","hentry"],"jetpack_sharing_enabled":true,"_links":{"self":[{"href":"https:\/\/queijariadapraca.pt\/en\/wp-json\/wp\/v2\/pages\/117","targetHints":{"allow":["GET"]}}],"collection":[{"href":"https:\/\/queijariadapraca.pt\/en\/wp-json\/wp\/v2\/pages"}],"about":[{"href":"https:\/\/queijariadapraca.pt\/en\/wp-json\/wp\/v2\/types\/page"}],"author":[{"embeddable":true,"href":"https:\/\/queijariadapraca.pt\/en\/wp-json\/wp\/v2\/users\/4"}],"replies":[{"embeddable":true,"href":"https:\/\/queijariadapraca.pt\/en\/wp-json\/wp\/v2\/comments?post=117"}],"version-history":[{"count":0,"href":"https:\/\/queijariadapraca.pt\/en\/wp-json\/wp\/v2\/pages\/117\/revisions"}],"wp:attachment":[{"href":"https:\/\/queijariadapraca.pt\/en\/wp-json\/wp\/v2\/media?parent=117"}],"curies":[{"name":"wp","href":"https:\/\/api.w.org\/{rel}","templated":true}]}}