{"id":2142,"date":"2020-04-30T14:43:15","date_gmt":"2020-04-30T14:43:15","guid":{"rendered":"https:\/\/queijariadapraca.pt\/?page_id=2142"},"modified":"2020-04-30T14:43:15","modified_gmt":"2020-04-30T14:43:15","slug":"complementos","status":"publish","type":"page","link":"https:\/\/queijariadapraca.pt\/en\/complementos\/","title":{"rendered":"Complements"},"content":{"rendered":"<div id=\"pl-2142\"  class=\"panel-layout\" ><div id=\"pg-2142-0\"  class=\"panel-grid panel-has-style\" ><div class=\"panel-row-style panel-row-style-for-2142-0\" ><div id=\"pgc-2142-0-0\"  class=\"panel-grid-cell\" ><div id=\"panel-2142-0-0-0\" class=\"widget_text so-panel widget widget_custom_html panel-first-child panel-last-child\" data-index=\"0\" ><div class=\"textwidget custom-html-widget\">\n\t\t<style>\n            <\/style>\n\n    \n<script>\n    var GKIT_NO_PRIV_AJAX_URL = '\/wp-admin\/admin-ajax.php';\n    var CRP_DATASOURCE_5 = {};\n    var CRP_GALLERY_DATASOURCE_5 = new Array();\n<\/script>\n\n<script>var gkitPermalink = '\/en\/wp-json\/wp\/v2\/pages\/2142';<\/script><div id=\"crp-content-5\" class=\"crp-content  crp-clearfix\"><div class=\"crp-wrapper crp-wrapper-gallery\"><div data-lazy-load=\"0\" id=\"gallery-5\" class=\"gallery-5\" style=\"display:none;\"><div id=\"ftg-items\" class=\"ftg-items\"><div id=\"crp-tile-598\" class=\"crp-tile ftg-\" data-url=\"\" data-id=\"598\" data-catalog-id=\"5\"><div id='598'  class='crp-tile-inner crp-tile-pic  button06 overlay00 share20 details27 image01 crp-fix-explore-icon-pos' ><img class='crp-tile-img' src='https:\/\/i0.wp.com\/queijariadapraca.pt\/wp-content\/uploads\/2021\/11\/ONDINA-MAR.jpg?fit=300%2C300&ssl=1' alt='' title='ONDINA MAR' caption='' description='' data-width='300' data-height='300' \/><div class='overlay'><\/div><div class='overlayT'><\/div><div class='overlayB'><\/div><div class='overlayL'><\/div><div class='overlayR'><\/div><div class='details'><h3>CRACKERS SALGADAS - ONDINA MAR<\/h3><\/div><a class='ic ic-search crp-hvr crp-hvr-overline-from-center'><i class='fa fa-search'><\/i><\/a><\/div><script>CRP_GALLERY_DATASOURCE_5.push({'facebookShareUrl': 'https:\/\/i0.wp.com\/queijariadapraca.pt\/wp-content\/uploads\/2021\/11\/ONDINA-MAR.jpg?fit=300%2C300&ssl=1','twitterShareUrl': 'https:\/\/i0.wp.com\/queijariadapraca.pt\/wp-content\/uploads\/2021\/11\/ONDINA-MAR.jpg?fit=300%2C300&ssl=1','pinterestShareUrl': 'https:\/\/i0.wp.com\/queijariadapraca.pt\/wp-content\/uploads\/2021\/11\/ONDINA-MAR.jpg?fit=300%2C300&ssl=1','googleplusShareUrl': 'https:\/\/i0.wp.com\/queijariadapraca.pt\/wp-content\/uploads\/2021\/11\/ONDINA-MAR.jpg?fit=300%2C300&ssl=1', 'tweetText': 'CRACKERS SALGADAS - ONDINA MAR', 'pinterestText': 'CRACKERS SALGADAS - ONDINA MAR','id': '598', 'src': 'https:\/\/i0.wp.com\/queijariadapraca.pt\/wp-content\/uploads\/2021\/11\/ONDINA-MAR.jpg?fit=670%2C670&ssl=1', 'thumb': 'https:\/\/i0.wp.com\/queijariadapraca.pt\/wp-content\/uploads\/2021\/11\/ONDINA-MAR.jpg?fit=300%2C300&ssl=1', 'subHtml': '<h4 class=\\'crp-popup-title\\'>CRACKERS SALGADAS - ONDINA MAR<\/h4>', 'downloadUrl': false});<\/script><\/div><div id=\"crp-tile-599\" class=\"crp-tile ftg-\" data-url=\"\" data-id=\"599\" data-catalog-id=\"5\"><div id='599'  class='crp-tile-inner crp-tile-pic  button06 overlay00 share20 details27 image01 crp-fix-explore-icon-pos' ><img class='crp-tile-img' src='https:\/\/i0.wp.com\/queijariadapraca.pt\/wp-content\/uploads\/2021\/11\/ONDINA-SESAMO.jpg?fit=300%2C300&ssl=1' alt='' title='ONDINA SESAMO' caption='' description='' data-width='300' data-height='300' \/><div class='overlay'><\/div><div class='overlayT'><\/div><div class='overlayB'><\/div><div class='overlayL'><\/div><div class='overlayR'><\/div><div class='details'><h3>CRACKERS SALGADAS - ONDINA S\u00c9SAMO<\/h3><\/div><a class='ic ic-search crp-hvr crp-hvr-overline-from-center'><i class='fa fa-search'><\/i><\/a><\/div><script>CRP_GALLERY_DATASOURCE_5.push({'facebookShareUrl': 'https:\/\/i0.wp.com\/queijariadapraca.pt\/wp-content\/uploads\/2021\/11\/ONDINA-SESAMO.jpg?fit=300%2C300&ssl=1','twitterShareUrl': 'https:\/\/i0.wp.com\/queijariadapraca.pt\/wp-content\/uploads\/2021\/11\/ONDINA-SESAMO.jpg?fit=300%2C300&ssl=1','pinterestShareUrl': 'https:\/\/i0.wp.com\/queijariadapraca.pt\/wp-content\/uploads\/2021\/11\/ONDINA-SESAMO.jpg?fit=300%2C300&ssl=1','googleplusShareUrl': 'https:\/\/i0.wp.com\/queijariadapraca.pt\/wp-content\/uploads\/2021\/11\/ONDINA-SESAMO.jpg?fit=300%2C300&ssl=1', 'tweetText': 'CRACKERS SALGADAS - ONDINA S\u00c9SAMO', 'pinterestText': 'CRACKERS SALGADAS - ONDINA S\u00c9SAMO','id': '599', 'src': 'https:\/\/i0.wp.com\/queijariadapraca.pt\/wp-content\/uploads\/2021\/11\/ONDINA-SESAMO.jpg?fit=670%2C670&ssl=1', 'thumb': 'https:\/\/i0.wp.com\/queijariadapraca.pt\/wp-content\/uploads\/2021\/11\/ONDINA-SESAMO.jpg?fit=300%2C300&ssl=1', 'subHtml': '<h4 class=\\'crp-popup-title\\'>CRACKERS SALGADAS - ONDINA S\u00c9SAMO<\/h4>', 'downloadUrl': false});<\/script><\/div><div id=\"crp-tile-600\" class=\"crp-tile ftg-\" data-url=\"\" data-id=\"600\" data-catalog-id=\"5\"><div id='600'  class='crp-tile-inner crp-tile-pic  button06 overlay00 share20 details27 image01 crp-fix-explore-icon-pos' ><img class='crp-tile-img' src='https:\/\/i0.wp.com\/queijariadapraca.pt\/wp-content\/uploads\/2021\/11\/ALHO-OREGAOS.jpg?fit=300%2C300&ssl=1' alt='' title='ALHO OREGAOS' caption='' description='' data-width='300' data-height='300' \/><div class='overlay'><\/div><div class='overlayT'><\/div><div class='overlayB'><\/div><div class='overlayL'><\/div><div class='overlayR'><\/div><div class='details'><h3>CRACKERS SALGADAS - ONDINA ALHO E OREG\u00c3OS<\/h3><\/div><a class='ic ic-search crp-hvr crp-hvr-overline-from-center'><i class='fa fa-search'><\/i><\/a><\/div><script>CRP_GALLERY_DATASOURCE_5.push({'facebookShareUrl': 'https:\/\/i0.wp.com\/queijariadapraca.pt\/wp-content\/uploads\/2021\/11\/ALHO-OREGAOS.jpg?fit=300%2C300&ssl=1','twitterShareUrl': 'https:\/\/i0.wp.com\/queijariadapraca.pt\/wp-content\/uploads\/2021\/11\/ALHO-OREGAOS.jpg?fit=300%2C300&ssl=1','pinterestShareUrl': 'https:\/\/i0.wp.com\/queijariadapraca.pt\/wp-content\/uploads\/2021\/11\/ALHO-OREGAOS.jpg?fit=300%2C300&ssl=1','googleplusShareUrl': 'https:\/\/i0.wp.com\/queijariadapraca.pt\/wp-content\/uploads\/2021\/11\/ALHO-OREGAOS.jpg?fit=300%2C300&ssl=1', 'tweetText': 'CRACKERS SALGADAS - ONDINA ALHO E OREG\u00c3OS', 'pinterestText': 'CRACKERS SALGADAS - ONDINA ALHO E OREG\u00c3OS','id': '600', 'src': 'https:\/\/i0.wp.com\/queijariadapraca.pt\/wp-content\/uploads\/2021\/11\/ALHO-OREGAOS.jpg?fit=670%2C670&ssl=1', 'thumb': 'https:\/\/i0.wp.com\/queijariadapraca.pt\/wp-content\/uploads\/2021\/11\/ALHO-OREGAOS.jpg?fit=300%2C300&ssl=1', 'subHtml': '<h4 class=\\'crp-popup-title\\'>CRACKERS SALGADAS - ONDINA ALHO E OREG\u00c3OS<\/h4>', 'downloadUrl': false});<\/script><\/div><div id=\"crp-tile-558\" class=\"crp-tile ftg-\" data-url=\"\" data-id=\"558\" data-catalog-id=\"5\"><div id='558'  class='crp-tile-inner crp-tile-pic  button06 overlay00 share20 details27 image01 crp-fix-explore-icon-pos' ><img class='crp-tile-img' src='https:\/\/i0.wp.com\/queijariadapraca.pt\/wp-content\/uploads\/2020\/04\/SWEET-GREEN-BLEND-PERPETUA-PIMENTA.jpg?fit=300%2C300&ssl=1' alt='' title='SWEET GREEN - BLEND PERPETUA PIMENTA' caption='' description='' data-width='300' data-height='300' \/><div class='overlay'><\/div><div class='overlayT'><\/div><div class='overlayB'><\/div><div class='overlayL'><\/div><div class='overlayR'><\/div><div class='details'><h3>BLEND PERP\u00c9TUA PIMENTA<\/h3><\/div><a class='ic ic-search crp-hvr crp-hvr-overline-from-center'><i class='fa fa-search'><\/i><\/a><\/div><script>CRP_GALLERY_DATASOURCE_5.push({'facebookShareUrl': 'https:\/\/i0.wp.com\/queijariadapraca.pt\/wp-content\/uploads\/2020\/04\/SWEET-GREEN-BLEND-PERPETUA-PIMENTA.jpg?fit=300%2C300&ssl=1','twitterShareUrl': 'https:\/\/i0.wp.com\/queijariadapraca.pt\/wp-content\/uploads\/2020\/04\/SWEET-GREEN-BLEND-PERPETUA-PIMENTA.jpg?fit=300%2C300&ssl=1','pinterestShareUrl': 'https:\/\/i0.wp.com\/queijariadapraca.pt\/wp-content\/uploads\/2020\/04\/SWEET-GREEN-BLEND-PERPETUA-PIMENTA.jpg?fit=300%2C300&ssl=1','googleplusShareUrl': 'https:\/\/i0.wp.com\/queijariadapraca.pt\/wp-content\/uploads\/2020\/04\/SWEET-GREEN-BLEND-PERPETUA-PIMENTA.jpg?fit=300%2C300&ssl=1', 'tweetText': 'BLEND PERP\u00c9TUA PIMENTA', 'pinterestText': 'BLEND PERP\u00c9TUA PIMENTA','id': '558', 'src': 'https:\/\/i0.wp.com\/queijariadapraca.pt\/wp-content\/uploads\/2020\/04\/SWEET-GREEN-BLEND-PERPETUA-PIMENTA.jpg?fit=630%2C630&ssl=1', 'thumb': 'https:\/\/i0.wp.com\/queijariadapraca.pt\/wp-content\/uploads\/2020\/04\/SWEET-GREEN-BLEND-PERPETUA-PIMENTA.jpg?fit=300%2C300&ssl=1', 'subHtml': '<h4 class=\\'crp-popup-title\\'>BLEND PERP\u00c9TUA PIMENTA<\/h4>', 'downloadUrl': false});<\/script><\/div><\/div><\/div><\/div><\/div>\n<script>\n    gkitWinReady(function(){\n        gkitConfigureGrid(\n            5,\n            {layoutType: 3,approxTileWidth: 250,approxTileHeight: 250,addBlock1Height: false,addBlock2Height: false,freeAddBlocks: false,margin: 4,minTileWidth: 200,gridCellSize: 10,lazy: false,dontCropImage: false,columnCalcAlgo: 'Dynamic',},\n            {\n                kEnableGridLazyLoad : 0,\n                kDirectLinking : 0,\n                kLoadUrlBlank : 1,\n                kDisableAlbumStylePresentation : 1,\n                kViewerBackdropClass: 'crp-1-popup-backdrop',\n                albumViewerTypeIsGrid: 0            },\n            {hash: false,autoplayFirstVideo: true,videojs: true,controls: true,actualSize: false,mode: 'lg-fade',addClass: 'crp-full-popup crp-popup-full-theme-dark crp-popup-thumbs-grid',counter: true,zoom: false,pager: true,autoplayControls: false,fullScreen: false,autoplay: false,thumbnail: true,showThumbByDefault: false,animateThumb: false,thumbContHeight: 80,thumbHeight: '60px',share: false,download: true,pullCaptionUp: false,showTextToggle: false,},\n            CRP_GALLERY_DATASOURCE_5,\n            CRP_DATASOURCE_5        );\n    });\n<\/script>\n<\/div><\/div><\/div><\/div><\/div><\/div>","protected":false},"excerpt":{"rendered":"<p>CRACKERS SALGADAS &#8211; ONDINA MARCRACKERS SALGADAS &#8211; ONDINA S\u00c9SAMOCRACKERS SALGADAS &#8211; ONDINA ALHO E OREG\u00c3OSBLEND PERP\u00c9TUA PIMENTA<\/p>","protected":false},"author":4,"featured_media":0,"parent":0,"menu_order":0,"comment_status":"closed","ping_status":"closed","template":"page-templates\/pagebuilder.php","meta":{"_monsterinsights_skip_tracking":false,"_monsterinsights_sitenote_active":false,"_monsterinsights_sitenote_note":"","_monsterinsights_sitenote_category":0,"_uf_show_specific_survey":0,"_uf_disable_surveys":false,"_joinchat":[],"footnotes":""},"class_list":["post-2142","page","type-page","status-publish","hentry"],"jetpack_sharing_enabled":true,"_links":{"self":[{"href":"https:\/\/queijariadapraca.pt\/en\/wp-json\/wp\/v2\/pages\/2142","targetHints":{"allow":["GET"]}}],"collection":[{"href":"https:\/\/queijariadapraca.pt\/en\/wp-json\/wp\/v2\/pages"}],"about":[{"href":"https:\/\/queijariadapraca.pt\/en\/wp-json\/wp\/v2\/types\/page"}],"author":[{"embeddable":true,"href":"https:\/\/queijariadapraca.pt\/en\/wp-json\/wp\/v2\/users\/4"}],"replies":[{"embeddable":true,"href":"https:\/\/queijariadapraca.pt\/en\/wp-json\/wp\/v2\/comments?post=2142"}],"version-history":[{"count":0,"href":"https:\/\/queijariadapraca.pt\/en\/wp-json\/wp\/v2\/pages\/2142\/revisions"}],"wp:attachment":[{"href":"https:\/\/queijariadapraca.pt\/en\/wp-json\/wp\/v2\/media?parent=2142"}],"curies":[{"name":"wp","href":"https:\/\/api.w.org\/{rel}","templated":true}]}}