{"id":3,"date":"2019-10-16T09:57:35","date_gmt":"2019-10-16T09:57:35","guid":{"rendered":"https:\/\/queijariadapraca.pt\/?page_id=3"},"modified":"2020-05-12T14:58:55","modified_gmt":"2020-05-12T13:58:55","slug":"politica-de-privacidade","status":"publish","type":"page","link":"https:\/\/queijariadapraca.pt\/en\/politica-de-privacidade\/","title":{"rendered":"Privacy policy"},"content":{"rendered":"<h3 class=\"wp-block-heading\">Who we are<\/h3>\n\n\n\n<p><\/p>\n\n\n\n<p>Cheese Lovers, Unipessoal Lda., Legal Person N\u00ba 515542261, is the sole owner of the brand <strong>Queijaria da Pra\u00e7a<\/strong>, here represented as the owner of the information, based at Pra\u00e7a Marqu\u00eas do Pombal, 102 to 108, in Porto.<\/p>\n\n\n\n<p>This document contains the conditions of use and the terms according to which <strong>Queijaria da Pra\u00e7a<\/strong>&nbsp;places in your site (<a href=\"https:\/\/queijariadapraca.pt\/en\/\">https:\/\/queijariadapraca.pt<\/a>) available to its users.<\/p>\n\n\n\n<p>Any access and use of the website must respect these conditions of use, which <strong>Queijaria da Pra\u00e7a&nbsp;<\/strong>reserves the right to modify, rectify, or update at any time.  <\/p>\n\n\n\n<p>When accessing and using the Site, the User accepts, fully and without reservation, all the provisions included in this document. If, for any reason, the user does not fully agree with the conditions set forth herein, he must not access or use the site <\/p>\n\n\n\n<h3 class=\"wp-block-heading\">Scope of application and responsibility<\/h3>\n\n\n\n<p><\/p>\n\n\n\n<p>A <strong>Queijaria da Pra\u00e7a<\/strong>&nbsp;sells food products and provides services related to these products, having as one of its commitments the protection of the privacy of the personal data it collects, in the various spheres of its activity, in compliance with the General Data Protection Regulation (<strong>GDPR<\/strong>), in force since May 25, 2018, in conjunction with Law 58\/2019 of August 8. <\/p>\n\n\n\n<p><\/p>\n\n\n\n<p>A <strong>Queijaria da Pra\u00e7a<\/strong>&nbsp;is not responsible for, and does not provide guarantees in relation to other sites that may be accessed through links on your site. In addition, it is up to the user to take precautions and ensure that the information collected does not contain harmful characteristics.<\/p>\n\n\n\n<p>The Privacy Policy describes the points\nrelevant information about the data that is collected, for what purposes, how can be consulted, among others.<\/p>\n\n\n\n<h3 class=\"wp-block-heading\">What personal data is collected and how it is collected<\/h3>\n\n\n\n<p><\/p>\n\n\n\n<h4 class=\"wp-block-heading\"><strong>Data collection and security<\/strong><\/h4>\n\n\n\n<p><\/p>\n\n\n\n<p>Your data will be collected, processed and kept by the <strong>Queijaria da Pra\u00e7a<\/strong>. Data collection, including personal data, takes place in interactions with Queijaria da Pra\u00e7a.<\/p>\n\n\n\n<p>Depending on the nature of the interaction and only when necessary, the <strong>Queijaria da Pra\u00e7a<\/strong>&nbsp;can request some personal data, such as name, email, full address and \/ or locality, telephone and \/ or mobile phone, identification document number and \/ or fiscal identification, date of birth, sex, nationality, academic qualifications, professional status and \/ or payment details.<\/p>\n\n\n\n<p>We use appropriate security technologies and procedures to protect your Personal Data, based on best information security practices.<\/p>\n\n\n\n<h4 class=\"wp-block-heading\"><strong>Why we collect data<\/strong><\/h4>\n\n\n\n<p><\/p>\n\n\n\n<p>A <strong>Queijaria da Pra\u00e7a<\/strong>&nbsp;collects and processes your strictly necessary data, which is only requested when related to the purpose in question, according to your consent and for legitimate purposes, such as: <\/p>\n\n\n\n<ul class=\"wp-block-list\"><li>Provide an adequate and targeted response to requests for information requested or proposals presented;  <\/li><li>Communicate better with you, for relevant matters and only as often as necessary, according to the characterization of your data and your preferences; <\/li><li>Comply with business purposes, namely, statistical data to improve the performance of the various services provided; <\/li><li>Bill services \/ products.<\/li><\/ul>\n\n\n\n<p>Whenever there is no\nspecific legal obligation, personal data are processed by the <strong>Queijaria da Pra\u00e7a<\/strong>&nbsp;just by\nperiod of time necessary to achieve the defined purpose.<\/p>\n\n\n\n<p>The periods of\nThe preservation of your data can change significantly when\ncauses archival purposes of public interest, historical, scientific or\nstatistical data, committing<strong>&nbsp;Queijaria da Pra\u00e7a<\/strong>&nbsp;to adopt appropriate conservation and safety measures.<\/p>\n\n\n\n<h4 class=\"wp-block-heading\"><strong>Data sharing<\/strong><\/h4>\n\n\n\n<p><\/p>\n\n\n\n<p>A <strong>Queijaria da Pra\u00e7a<\/strong>&nbsp;can communicate your personal data to third parties, ensuring that they process said personal data exclusively for the purposes indicated.<\/p>\n\n\n\n<p>When applicable, we will share your information with: <\/p>\n\n\n\n<ul class=\"wp-block-list\"><li>Certification and recognition entities, for the purpose of verifying the conformity of the activities provided by <strong>Queijaria da Pra\u00e7a<\/strong>;<\/li><li>Entities with which Queijaria da Pra\u00e7a has an operational partnership, for the purpose of carrying out the activities included in it.<\/li><\/ul>\n\n\n\n<h4 class=\"wp-block-heading\"><strong>Data protection rights<\/strong><\/h4>\n\n\n\n<p><\/p>\n\n\n\n<p>You can exercise, at any time, your rights contemplated in the <strong>GDPR<\/strong>, such as: <\/p>\n\n\n\n<ul class=\"wp-block-list\"><li>Access; <\/li><li>Opposition;<\/li><li>Rectification; <\/li><li>Limitation;<\/li><li>Portability;<\/li><li>Erasement.<\/li><\/ul>\n\n\n\n<p>If the use of your personal data is based on\nwithout consent, you have the right to withdraw it without compromise the validity of the\ndata processing carried out until that moment.<\/p>\n\n\n\n<p>To do so, it is sufficient to inform <strong>Queijaria da Pra\u00e7a<\/strong>by filling out the GDPR form, which you can find <a rel=\"noreferrer noopener\" aria-label=\"\ufffcclicando aqu (abre num novo separador)\" href=\"https:\/\/queijariadapraca.pt\/wp-content\/uploads\/2019\/10\/Formul%C3%A1rio-RGPD.pdf\" target=\"_blank\"><\/a><a href=\"https:\/\/queijariadapraca.pt\/wp-content\/uploads\/2019\/10\/Formul%C3%A1rio-RGPD.pdf\"><\/a><a rel=\"noreferrer noopener\" aria-label=\"clicando aqui (abre num novo separador)\" href=\"https:\/\/queijariadapraca.pt\/en\/formulario-rgpd\/\" target=\"_blank\"><\/a><a rel=\"noreferrer noopener\" aria-label=\"clicando aqui (abre num novo separador)\" href=\"https:\/\/queijariadapraca.pt\/wp-content\/uploads\/2019\/10\/Formul%C3%A1rio-RGPD.pdf\" target=\"_blank\">clicking here<\/a>.<\/p>\n\n\n\n<p>In the case of ordering any type of order in\nyour data, you may be asked to provide proof of identification, for example\nsecurity and protection reasons, to the data subject himself.<\/p>\n\n\n\n<h3 class=\"wp-block-heading\">Analytical data<\/h3>\n\n\n\n<p><\/p>\n\n\n\n<h4 class=\"wp-block-heading\">How long your data is retained<\/h4>\n\n\n\n<p><\/p>\n\n\n\n<p>If you leave a comment, the comment and your\nmetadata is saved indefinitely. This happens so that it is possible\nautomatically recognize and approve any subsequent comments, rather than\nput them in a moderation queue.<\/p>\n\n\n\n<p>For users who register on our site (if this feature becomes available), we store the personal information provided in your user profile. All users can view, edit, or delete their personal information at any time (with the exception of the username initially created). Site administrators can also view and edit this information.<\/p>\n\n\n\n<h4 class=\"wp-block-heading\">What rights do you have over your data<\/h4>\n\n\n\n<p><\/p>\n\n\n\n<p>If you have an account registered on our website, or left\ncomments, you can request an export file with personal data\nkept about you, including any personal data you have indicated. Can also\nrequest that the saved data be deleted. This does not include any\npersonal data that is mandatory to maintain for administrative, legal or\nof security.<\/p>\n\n\n\n<h4 class=\"wp-block-heading\">Where your data is sent<\/h4>\n\n\n\n<p><\/p>\n\n\n\n<p>Visitor comments can be verified\nthrough an automatic spam detection service.<\/p>\n\n\n\n<h4 class=\"wp-block-heading\">Comments<\/h4>\n\n\n\n<p><\/p>\n\n\n\n<p>When visitors leave comments on the site, they are\nthe data present in the comments form, as well as the address\nIP address and user browser to help detect spam.<\/p>\n\n\n\n<h3 class=\"wp-block-heading\">Contact forms<\/h3>\n\n\n\n<p><\/p>\n\n\n\n<h4 class=\"wp-block-heading\">Cookies<\/h4>\n\n\n\n<p><\/p>\n\n\n\n<p>We use cookies to store information, such as your personal preferences when you visit our website. This may include a simple popup, or a link to the various services we provide, such as forums.<\/p>\n\n\n\n<p>If you leave a comment on our website you can choose to\nsave your name, email address and website in cookies. This is for your\nconvenience of not having to fill in your data again when you leave\nanother comment. <\/p>\n\n\n\n<p>If you have a registered account and log in to our\nsite, a temporary cookie will be set to determine whether your browser\naccepts cookies. This cookie does not contain personal data and will be deleted when\nclose your browser.<\/p>\n\n\n\n<p>When you log in, some cookies will be set\nto save your session information and your viewing options for\nscreen.<\/p>\n\n\n\n<p>You can turn off your cookies, in your browser options,\nor make changes to the Anti-Virus program tools. However, this\nyou can change the way you interact with our website, or other websites.\nThis may affect or not allow you to log in to programs, websites or\nforums of ours and other networks.<\/p>\n\n\n\n<h4 class=\"wp-block-heading\">Embedded content from other sites<\/h4>\n\n\n\n<p><\/p>\n\n\n\n<p>Articles on this site may include content\nembedded (for example: videos, images, articles, etc.). The content\nembedded from other sites behaves as if the user visited\nthese sites.<\/p>\n\n\n\n<p>This website may collect data about you, use cookies,\nincorporate third-party tracking, monitor your interactions with the\neven including recording interactions with embedded content if you have a\naccount and are logged into that site.<\/p>\n\n\n\n<h3 class=\"wp-block-heading\">Electronic Complaints Book<\/h3>\n\n\n\n<p>It is available in the footer on the home page, access to the electronic complaints book (LRE), accessible at\u00a0<a href=\"https:\/\/www.livroreclamacoes.pt\/inicio\">https:\/\/www.livroreclamacoes.pt\/inicio<\/a><\/p>\n\n\n\n<h3 class=\"wp-block-heading\"><strong>Updates and changes to the Privacy Policy<\/strong><\/h3>\n\n\n\n<p><\/p>\n\n\n\n<p>This privacy policy is subject to review and update\npermanent, in order to reflect the comments received and whenever\njustify.<\/p>\n\n\n\n<p>We recommend periodically check to our privacy policy to keep up\ninformed about how <strong>Queijaria\nda Pra\u00e7a<\/strong>&nbsp;protects your data and the information and rights you\nassist you.<\/p>","protected":false},"excerpt":{"rendered":"<p>Quem somos A Cheese Lovers, Unipessoal Lda., Pessoa Coletiva n.\u00ba 515542261, \u00e9 a \u00fanica detentora da marca Queijaria da Pra\u00e7a, [&hellip;]<\/p>\n","protected":false},"author":4,"featured_media":0,"parent":0,"menu_order":0,"comment_status":"closed","ping_status":"closed","template":"","meta":{"_monsterinsights_skip_tracking":false,"_monsterinsights_sitenote_active":false,"_monsterinsights_sitenote_note":"","_monsterinsights_sitenote_category":0,"_uf_show_specific_survey":0,"_uf_disable_surveys":false,"_joinchat":[],"footnotes":""},"class_list":["post-3","page","type-page","status-publish","hentry"],"jetpack_sharing_enabled":true,"_links":{"self":[{"href":"https:\/\/queijariadapraca.pt\/en\/wp-json\/wp\/v2\/pages\/3","targetHints":{"allow":["GET"]}}],"collection":[{"href":"https:\/\/queijariadapraca.pt\/en\/wp-json\/wp\/v2\/pages"}],"about":[{"href":"https:\/\/queijariadapraca.pt\/en\/wp-json\/wp\/v2\/types\/page"}],"author":[{"embeddable":true,"href":"https:\/\/queijariadapraca.pt\/en\/wp-json\/wp\/v2\/users\/4"}],"replies":[{"embeddable":true,"href":"https:\/\/queijariadapraca.pt\/en\/wp-json\/wp\/v2\/comments?post=3"}],"version-history":[{"count":0,"href":"https:\/\/queijariadapraca.pt\/en\/wp-json\/wp\/v2\/pages\/3\/revisions"}],"wp:attachment":[{"href":"https:\/\/queijariadapraca.pt\/en\/wp-json\/wp\/v2\/media?parent=3"}],"curies":[{"name":"wp","href":"https:\/\/api.w.org\/{rel}","templated":true}]}}