{"id":588,"date":"2019-10-29T23:27:13","date_gmt":"2019-10-29T23:27:13","guid":{"rendered":"https:\/\/queijariadapraca.pt\/?page_id=588"},"modified":"2020-07-28T13:04:00","modified_gmt":"2020-07-28T12:04:00","slug":"sobre","status":"publish","type":"page","link":"https:\/\/queijariadapraca.pt\/en\/sobre\/","title":{"rendered":"About Us"},"content":{"rendered":"<div id=\"pl-588\"  class=\"panel-layout\" ><div id=\"pg-588-0\"  class=\"panel-grid panel-has-style\" ><div class=\"panel-row-style panel-row-style-for-588-0\" ><div id=\"pgc-588-0-0\"  class=\"panel-grid-cell\" ><div id=\"panel-588-0-0-0\" class=\"so-panel widget widget_text panel-first-child\" data-index=\"0\" >\t\t\t<div class=\"textwidget\"><p>Since 2019, at the centennial Pra\u00e7a Marqu\u00eas do Pombal and located in the geographic center of the city of Porto, <strong>Queijaria da Pra\u00e7a<\/strong> appears with the intention of making a difference and appreciation for artisanal cheese making.<\/p>\n<p>The project was born at the beginning of the year 2019, by the hand of the promoter and responsible for this space, which after months of study and with the support of countless entities and partners, to which we leave strong thanks, made this challenge real.<\/p>\n<\/div>\n\t\t<\/div><div id=\"panel-588-0-0-1\" class=\"so-panel widget widget_text\" data-index=\"1\" ><h3 class=\"widget-title\">Our mission<\/h3>\t\t\t<div class=\"textwidget\"><p>To provide you with a space where you can find cheeses made exclusively by the artisan method, for purchase and tasting, which aims to ensure your clarification and full satisfaction, transforming your visit into a unique and recurring experience.<\/p>\n<\/div>\n\t\t<\/div><div id=\"panel-588-0-0-2\" class=\"so-panel widget widget_text panel-last-child\" data-index=\"2\" ><h3 class=\"widget-title\">Our values<\/h3>\t\t\t<div class=\"textwidget\"><p>Commitment to provide you with an excellent service, from informing the specifics, details, form of manufacture and origin of each cheese, carefully observing all technical and sanitary aspects of conservation of each of our products, ensuring the best and most careful presentation of each of the elaborated boards and finally, but not least, respect for you.<\/p>\n<\/div>\n\t\t<\/div><\/div><div id=\"pgc-588-0-1\"  class=\"panel-grid-cell\" ><div class=\"panel-cell-style panel-cell-style-for-588-0-1\" ><div id=\"panel-588-0-1-0\" class=\"so-panel widget widget_text panel-first-child\" data-index=\"3\" >\t\t\t<div class=\"textwidget\"><p><strong>Visit us on:<\/strong><br \/>\nPra\u00e7a Marqu\u00eas do Pombal, 102<br \/>\n4000-390 Porto<br \/>\nPortugal<\/p>\n<p>41\u00ba9&#8217;40.144&#8243;N\u00a0 |\u00a0 8\u00ba36&#8217;14.573&#8243;W<br \/>\n41.161151293\u00a0 \u00a0 \u00a0 | -8.604047703<\/p>\n<\/div>\n\t\t<\/div><div id=\"panel-588-0-1-1\" class=\"so-panel widget widget_wpgmza_map_widget wpgmza_widget panel-last-child\" data-index=\"4\"><div id=\"wpgmza_map\" class=\"wpgmza_map\" data-settings='{\"id\":\"1\",\"map_title\":\"Queijaria da Pra\\u00e7a\",\"map_width\":\"100\",\"map_height\":\"400\",\"map_start_lat\":\"41.161072\",\"map_start_lng\":\"-8.604057\",\"map_start_location\":\"41.16107184234224,-8.604057171330927\",\"map_start_zoom\":\"16\",\"default_marker\":\"0\",\"type\":\"1\",\"alignment\":\"1\",\"directions_enabled\":\"1\",\"styling_enabled\":\"0\",\"styling_json\":\"\",\"active\":\"0\",\"kml\":\"\",\"bicycle\":\"0\",\"traffic\":\"0\",\"dbox\":\"1\",\"dbox_width\":\"100\",\"listmarkers\":\"0\",\"listmarkers_advanced\":\"0\",\"filterbycat\":\"0\",\"ugm_enabled\":\"0\",\"ugm_category_enabled\":\"0\",\"fusion\":\"\",\"map_width_type\":\"\\\\%\",\"map_height_type\":\"px\",\"mass_marker_support\":\"1\",\"ugm_access\":\"0\",\"order_markers_by\":\"1\",\"order_markers_choice\":\"2\",\"show_user_location\":\"0\",\"default_to\":\"\",\"other_settings\":{\"store_locator_enabled\":2,\"store_locator_distance\":2,\"store_locator_default_radius\":1,\"store_locator_not_found_message\":\"No results found in this location. Please try again.\",\"store_locator_bounce\":1,\"store_locator_query_string\":\"CP \\\/ Endere\\u00e7o:\",\"store_locator_default_address\":\"\",\"wpgmza_store_locator_restrict\":\"pt\",\"wpgmza_store_locator_radius_style\":\"modern\",\"map_max_zoom\":\"1\",\"transport_layer\":0,\"wpgmza_show_points_of_interest\":0,\"wpgmza_auto_night\":0}}' data-map-id='1' data-maps-engine='open-layers' data-shortcode-attributes='{\"id\":\"1\"}' style=\"display:block; overflow:auto; width:100%; height:400px; float:left;\"><\/div><\/div><\/div><\/div><\/div><\/div><\/div>","protected":false},"excerpt":{"rendered":"<p>Desde 2019, na centen\u00e1ria Pra\u00e7a Marqu\u00eas do Pombal e localizada no centro geogr\u00e1fico da cidade do Porto, a Queijaria da [&hellip;]<\/p>\n","protected":false},"author":4,"featured_media":0,"parent":0,"menu_order":0,"comment_status":"closed","ping_status":"closed","template":"page-templates\/pagebuilder.php","meta":{"_monsterinsights_skip_tracking":false,"_monsterinsights_sitenote_active":false,"_monsterinsights_sitenote_note":"","_monsterinsights_sitenote_category":0,"_uf_show_specific_survey":0,"_uf_disable_surveys":false,"_joinchat":[],"footnotes":""},"class_list":["post-588","page","type-page","status-publish","hentry"],"jetpack_sharing_enabled":true,"_links":{"self":[{"href":"https:\/\/queijariadapraca.pt\/en\/wp-json\/wp\/v2\/pages\/588","targetHints":{"allow":["GET"]}}],"collection":[{"href":"https:\/\/queijariadapraca.pt\/en\/wp-json\/wp\/v2\/pages"}],"about":[{"href":"https:\/\/queijariadapraca.pt\/en\/wp-json\/wp\/v2\/types\/page"}],"author":[{"embeddable":true,"href":"https:\/\/queijariadapraca.pt\/en\/wp-json\/wp\/v2\/users\/4"}],"replies":[{"embeddable":true,"href":"https:\/\/queijariadapraca.pt\/en\/wp-json\/wp\/v2\/comments?post=588"}],"version-history":[{"count":0,"href":"https:\/\/queijariadapraca.pt\/en\/wp-json\/wp\/v2\/pages\/588\/revisions"}],"wp:attachment":[{"href":"https:\/\/queijariadapraca.pt\/en\/wp-json\/wp\/v2\/media?parent=588"}],"curies":[{"name":"wp","href":"https:\/\/api.w.org\/{rel}","templated":true}]}}